{"id":2091,"date":"2023-03-28T13:32:51","date_gmt":"2023-03-28T19:32:51","guid":{"rendered":"http:\/\/www.refacil.com.mx\/?page_id=2091"},"modified":"2026-01-13T14:48:11","modified_gmt":"2026-01-13T20:48:11","slug":"costos-y-comisiones","status":"publish","type":"page","link":"http:\/\/www.refacil.com.mx\/?page_id=2091","title":{"rendered":"Costos y Comisiones"},"content":{"rendered":"<p><img loading=\"lazy\" decoding=\"async\" class=\"alignnone wp-image-2461 size-full\" src=\"http:\/\/www.refacil.com.mx\/wp-content\/uploads\/2026\/01\/AvisoRECO08122025-1.jpg\" alt=\"\" width=\"1266\" height=\"622\" srcset=\"http:\/\/www.refacil.com.mx\/wp-content\/uploads\/2026\/01\/AvisoRECO08122025-1.jpg 1266w, http:\/\/www.refacil.com.mx\/wp-content\/uploads\/2026\/01\/AvisoRECO08122025-1-300x147.jpg 300w, http:\/\/www.refacil.com.mx\/wp-content\/uploads\/2026\/01\/AvisoRECO08122025-1-1024x503.jpg 1024w, http:\/\/www.refacil.com.mx\/wp-content\/uploads\/2026\/01\/AvisoRECO08122025-1-768x377.jpg 768w\" sizes=\"auto, (max-width: 1266px) 100vw, 1266px\" \/><\/p>\n<p>&nbsp;<\/p>\n<p><strong>EJEMPLO CALCULO DE PR\u00c9STAMO<\/strong><\/p>\n<p>&nbsp;<\/p>\n<table width=\"1360\">\n<tbody>\n<tr>\n<td width=\"273\"><strong>Monto del Pr\u00e9stamo<\/strong><\/td>\n<td width=\"246\"><strong>Tasa inter\u00e9s ordinario Anual Fija<\/strong><\/td>\n<td width=\"255\"><strong>Plazo (Quincenas)<\/strong><\/td>\n<td width=\"265\"><strong>Pago quincenal<\/strong><\/td>\n<td width=\"321\"><strong>CAT (costo Anual Total) de la oferta<\/strong><\/td>\n<\/tr>\n<tr>\n<td width=\"273\">$\u00a010,000.00<\/td>\n<td width=\"246\">81.10%<\/td>\n<td width=\"255\">48<\/td>\n<td width=\"265\">$\u00a0424.00<\/td>\n<td width=\"321\">99.20%<\/td>\n<\/tr>\n<\/tbody>\n<\/table>\n<p>&nbsp;<\/p>\n","protected":false},"excerpt":{"rendered":"<p>&nbsp; EJEMPLO CALCULO DE PR\u00c9STAMO &nbsp; Monto del Pr\u00e9stamo Tasa inter\u00e9s ordinario Anual Fija Plazo (Quincenas) Pago quincenal CAT (costo Anual Total) de la oferta $\u00a010,000.00 81.10% 48 $\u00a0424.00 99.20%<\/p>\n","protected":false},"author":1,"featured_media":0,"parent":0,"menu_order":0,"comment_status":"closed","ping_status":"closed","template":"","meta":{"footnotes":""},"class_list":["post-2091","page","type-page","status-publish","hentry"],"_links":{"self":[{"href":"http:\/\/www.refacil.com.mx\/index.php?rest_route=\/wp\/v2\/pages\/2091","targetHints":{"allow":["GET"]}}],"collection":[{"href":"http:\/\/www.refacil.com.mx\/index.php?rest_route=\/wp\/v2\/pages"}],"about":[{"href":"http:\/\/www.refacil.com.mx\/index.php?rest_route=\/wp\/v2\/types\/page"}],"author":[{"embeddable":true,"href":"http:\/\/www.refacil.com.mx\/index.php?rest_route=\/wp\/v2\/users\/1"}],"replies":[{"embeddable":true,"href":"http:\/\/www.refacil.com.mx\/index.php?rest_route=%2Fwp%2Fv2%2Fcomments&post=2091"}],"version-history":[{"count":18,"href":"http:\/\/www.refacil.com.mx\/index.php?rest_route=\/wp\/v2\/pages\/2091\/revisions"}],"predecessor-version":[{"id":2468,"href":"http:\/\/www.refacil.com.mx\/index.php?rest_route=\/wp\/v2\/pages\/2091\/revisions\/2468"}],"wp:attachment":[{"href":"http:\/\/www.refacil.com.mx\/index.php?rest_route=%2Fwp%2Fv2%2Fmedia&parent=2091"}],"curies":[{"name":"wp","href":"https:\/\/api.w.org\/{rel}","templated":true}]}}