{"id":2088,"date":"2023-03-28T13:29:23","date_gmt":"2023-03-28T19:29:23","guid":{"rendered":"http:\/\/www.refacil.com.mx\/?page_id=2088"},"modified":"2026-01-13T08:50:57","modified_gmt":"2026-01-13T14:50:57","slug":"buro-de-entidades-financieras","status":"publish","type":"page","link":"https:\/\/www.refacil.com.mx\/?page_id=2088","title":{"rendered":"BUR\u00d3 DE ENTIDADES FINANCIERAS"},"content":{"rendered":"<p style=\"text-align: center;\"><strong>BUR\u00d3 DE ENTIDADES FINANCIERAS<\/strong><\/p>\n<p style=\"text-align: left;\">Es una herramienta de consulta y difusi\u00f3n con la que podr\u00e1 conocer los productos que ofrecen las entidades financieras, sus comisiones y tasas, las reclamaciones de los usuarios, las pr\u00e1cticas no sanas en que incurren, las sanciones administrativas que les han impuesto, las cl\u00e1usulas abusivas de sus contratos y otra informaci\u00f3n que resulte relevante para informarle sobre su desempe\u00f1o.<\/p>\n<p style=\"text-align: left;\">Con el Bur\u00f3 de Entidades Financieras, se lograr\u00e1 saber qui\u00e9n es qui\u00e9n en bancos, seguros, sociedades financieras de objeto m\u00faltiple, cajas de ahorro, afores, entre otras entidades.<\/p>\n<p style=\"text-align: left;\">Con ello, podr\u00e1 comparar y evaluar a las entidades financieras, sus productos y servicios y tendr\u00e1 mayores elementos para elegir lo que m\u00e1s le convenga.<\/p>\n<p style=\"text-align: left;\">Esta informaci\u00f3n le ser\u00e1 \u00fatil para elegir un producto financiero y tambi\u00e9n para conocer y usar mejor los que ya tiene.<\/p>\n<p style=\"text-align: left;\">Este Bur\u00f3 de Entidades Financieras es una herramienta que puede contribuir al crecimiento econ\u00f3mico del pa\u00eds, al promover la competencia entre las instituciones financieras; que impulsar\u00e1 la transparencia al revelar informaci\u00f3n a los usuarios sobre el desempe\u00f1o de \u00e9stas y los productos que ofrecen y que va a facilitar un manejo responsable de los productos y servicios financieros al conocer a detalle sus caracter\u00edsticas.<\/p>\n<p style=\"text-align: left;\">Lo anterior, podr\u00e1 derivar en un mayor bienestar social, porque al conjuntar en un solo espacio tan diversa informaci\u00f3n del sistema financiero, usted como usuario tendr\u00e1 m\u00e1s elementos para optimizar su presupuesto, para mejorar sus finanzas personales, para utilizar correctamente los cr\u00e9ditos que fortalecer\u00e1n su econom\u00eda y obtener los seguros que la protejan, entre otros aspectos.<\/p>\n<p>&nbsp;<\/p>\n<p style=\"text-align: center;\"><a href=\"https:\/\/www.buro.gob.mx\/general_gob.php?id_sector=69&amp;id_periodo=48\"><strong>https:\/\/www.buro.gob.mx\/general_gob.php?id_sector=69&amp;id_periodo=48<\/strong><\/a><\/p>\n<p style=\"text-align: left;\"><img loading=\"lazy\" decoding=\"async\" class=\"alignnone wp-image-2466 size-full\" src=\"http:\/\/www.refacil.com.mx\/wp-content\/uploads\/2026\/01\/BuroPeriodo48.png\" alt=\"\" width=\"1340\" height=\"666\" srcset=\"https:\/\/www.refacil.com.mx\/wp-content\/uploads\/2026\/01\/BuroPeriodo48.png 1340w, https:\/\/www.refacil.com.mx\/wp-content\/uploads\/2026\/01\/BuroPeriodo48-300x149.png 300w, https:\/\/www.refacil.com.mx\/wp-content\/uploads\/2026\/01\/BuroPeriodo48-1024x509.png 1024w, https:\/\/www.refacil.com.mx\/wp-content\/uploads\/2026\/01\/BuroPeriodo48-768x382.png 768w\" sizes=\"auto, (max-width: 1340px) 100vw, 1340px\" \/><\/p>\n<p style=\"text-align: left;\">La presente informaci\u00f3n corresponde \u00fanicamente a &#8220;Ref\u00e1cil Servicios Integrales&#8221;, S.A. de C.V. SOFOM, E.N.R., para conocer mas informaci\u00f3n de todo el sector.<\/p>\n<p style=\"text-align: left;\">Puede visualizar el sitio en: <strong>http:\/\/www.buro.gob.mx<\/strong><\/p>\n","protected":false},"excerpt":{"rendered":"<p>BUR\u00d3 DE ENTIDADES FINANCIERAS Es una herramienta de consulta y difusi\u00f3n con la que podr\u00e1 conocer los productos que ofrecen las entidades financieras, sus comisiones y tasas, las reclamaciones de<\/p>\n","protected":false},"author":1,"featured_media":0,"parent":0,"menu_order":0,"comment_status":"closed","ping_status":"closed","template":"","meta":{"footnotes":""},"class_list":["post-2088","page","type-page","status-publish","hentry"],"_links":{"self":[{"href":"https:\/\/www.refacil.com.mx\/index.php?rest_route=\/wp\/v2\/pages\/2088","targetHints":{"allow":["GET"]}}],"collection":[{"href":"https:\/\/www.refacil.com.mx\/index.php?rest_route=\/wp\/v2\/pages"}],"about":[{"href":"https:\/\/www.refacil.com.mx\/index.php?rest_route=\/wp\/v2\/types\/page"}],"author":[{"embeddable":true,"href":"https:\/\/www.refacil.com.mx\/index.php?rest_route=\/wp\/v2\/users\/1"}],"replies":[{"embeddable":true,"href":"https:\/\/www.refacil.com.mx\/index.php?rest_route=%2Fwp%2Fv2%2Fcomments&post=2088"}],"version-history":[{"count":14,"href":"https:\/\/www.refacil.com.mx\/index.php?rest_route=\/wp\/v2\/pages\/2088\/revisions"}],"predecessor-version":[{"id":2467,"href":"https:\/\/www.refacil.com.mx\/index.php?rest_route=\/wp\/v2\/pages\/2088\/revisions\/2467"}],"wp:attachment":[{"href":"https:\/\/www.refacil.com.mx\/index.php?rest_route=%2Fwp%2Fv2%2Fmedia&parent=2088"}],"curies":[{"name":"wp","href":"https:\/\/api.w.org\/{rel}","templated":true}]}}