{"id":2406,"date":"2025-10-03T15:11:18","date_gmt":"2025-10-03T20:11:18","guid":{"rendered":"https:\/\/www.refacil.com.mx\/?page_id=2406"},"modified":"2025-10-03T15:15:47","modified_gmt":"2025-10-03T20:15:47","slug":"nosotros-3","status":"publish","type":"page","link":"https:\/\/www.refacil.com.mx\/?page_id=2406","title":{"rendered":"Requisitos"},"content":{"rendered":"\t\t<div data-elementor-type=\"wp-page\" data-elementor-id=\"2406\" class=\"elementor elementor-2406\">\n\t\t\t\t\t\t\t\t\t<section class=\"elementor-section elementor-top-section elementor-element elementor-element-366174d4 elementor-section-boxed elementor-section-height-default elementor-section-height-default\" data-id=\"366174d4\" data-element_type=\"section\">\n\t\t\t\t\t\t<div class=\"elementor-container elementor-column-gap-default\">\n\t\t\t\t\t<div class=\"elementor-column elementor-col-100 elementor-top-column elementor-element elementor-element-3a73e318\" data-id=\"3a73e318\" data-element_type=\"column\">\n\t\t\t<div class=\"elementor-widget-wrap elementor-element-populated\">\n\t\t\t\t\t\t\t\t<div class=\"elementor-element elementor-element-4bf3f0c8 elementor-widget elementor-widget-pressmart-heading\" data-id=\"4bf3f0c8\" data-element_type=\"widget\" data-widget_type=\"pressmart-heading.default\">\n\t\t\t\t<div class=\"elementor-widget-container\">\n\t\t\t<div id=\"pressmart-header-13677\" class=\"pressmart-element pressmart-heading text-center separator-none separator-between-heading\">\t\n\t\t\t\n\t\t\t<div class=\"heading-wrap\">\n\t\t\t<span class=\"separator-left\"><\/span>\n\t\t\t<h2 class=\"heading-title\">Inicia hoy tu tramite<\/h2>\t\t\t<span class=\"separator-right\"><\/span>\n\t\t\t\t\t<\/div>\n\t\t\n    \t\t<div class=\"heading-tagline\"> Iniciar el tramite de tu pr\u00e9stamo es REFACIL, con los siguientes requisitos\n\n <\/div>\n\t<\/div>\t\t<\/div>\n\t\t\t\t<\/div>\n\t\t\t\t<div class=\"elementor-element elementor-element-363793a8 elementor-widget elementor-widget-pressmart_team\" data-id=\"363793a8\" data-element_type=\"widget\" data-widget_type=\"pressmart_team.default\">\n\t\t\t\t<div class=\"elementor-widget-container\">\n\t\t\t\n<div id=\"pressmart-team-44386\" class=\"row pressmart-element pressmart-team image-top-with-box\">\t\n\t<div class=\"pressmart-carousel owl-carousel grid-col-lg-3 grid-col-md-3 grid-col-1\" data-owl_options=\"{&quot;slider_loop&quot;:false,&quot;slider_autoplay&quot;:false,&quot;slider_autoplaytimeout&quot;:&quot;3500&quot;,&quot;slider_smartspeed&quot;:&quot;750&quot;,&quot;slider_autoplayHoverPause&quot;:true,&quot;slider_center&quot;:false,&quot;slider_rewind&quot;:false,&quot;slider_autoHeight&quot;:false,&quot;slider_nav&quot;:true,&quot;slider_nav_mobile&quot;:false,&quot;slider_dots&quot;:false,&quot;slider_touchDrag&quot;:false,&quot;slider_touchDrag_mobile&quot;:true,&quot;slider_animatein&quot;:&quot;&quot;,&quot;slider_animateout&quot;:&quot;&quot;,&quot;slider_margin&quot;:0,&quot;rs_extra_large&quot;:&quot;3&quot;,&quot;rs_large&quot;:&quot;3&quot;,&quot;rs_medium&quot;:3,&quot;rs_small&quot;:1,&quot;rs_extra_small&quot;:1}\" >\n\t\t<div id=\"pressmart-team-member-76322\" class=\"pressmart-team-member color-scheme-dark \">\n\t<div class=\"team-member\">\n\t\t<div class=\"member-avatar\">\n\t\t\t<img loading=\"lazy\" decoding=\"async\" width=\"312\" height=\"250\" src=\"https:\/\/www.refacil.com.mx\/wp-content\/themes\/pressmart\/assets\/images\/transparent.png\" class=\"attachment-full size-full lazy\" alt=\"\" data-src=\"https:\/\/www.refacil.com.mx\/wp-content\/uploads\/2025\/10\/Credencial-actual.jpg\" data-srcset=\"https:\/\/www.refacil.com.mx\/wp-content\/uploads\/2025\/10\/Credencial-actual.jpg 312w, https:\/\/www.refacil.com.mx\/wp-content\/uploads\/2025\/10\/Credencial-actual-300x240.jpg 300w\" \/>\t\t<\/div>\t\t\n\t\t<div class=\"member-info\">\n\t\t\t<h3 class=\"member-name\">Identificaci\u00f3n oficial<\/h3>\n\t\t\t<div class=\"member-designation\">La identificaci\u00f3n que presentes debe estar vigente<\/div>\n\t\t\t<div class=\"member-description\"><\/div>\n\t\t\t\t\t<\/div>\t\t\n\t<\/div>\t\n<\/div><div id=\"pressmart-team-member-10083\" class=\"pressmart-team-member color-scheme-dark \">\n\t<div class=\"team-member\">\n\t\t<div class=\"member-avatar\">\n\t\t\t<img loading=\"lazy\" decoding=\"async\" width=\"320\" height=\"218\" src=\"https:\/\/www.refacil.com.mx\/wp-content\/themes\/pressmart\/assets\/images\/transparent.png\" class=\"attachment-full size-full lazy\" alt=\"\" data-src=\"https:\/\/www.refacil.com.mx\/wp-content\/uploads\/2025\/10\/1778.OR_.jpg\" data-srcset=\"https:\/\/www.refacil.com.mx\/wp-content\/uploads\/2025\/10\/1778.OR_.jpg 320w, https:\/\/www.refacil.com.mx\/wp-content\/uploads\/2025\/10\/1778.OR_-300x204.jpg 300w\" \/>\t\t<\/div>\t\t\n\t\t<div class=\"member-info\">\n\t\t\t<h3 class=\"member-name\">Comprobante de domicilio<\/h3>\n\t\t\t<div class=\"member-designation\">Tu comprobante de domicilio no debe de tener mas de 2 meses  desde la fecha de factura<\/div>\n\t\t\t<div class=\"member-description\"><\/div>\n\t\t\t\t\t<\/div>\t\t\n\t<\/div>\t\n<\/div><div id=\"pressmart-team-member-48165\" class=\"pressmart-team-member color-scheme-dark \">\n\t<div class=\"team-member\">\n\t\t<div class=\"member-avatar\">\n\t\t\t<img loading=\"lazy\" decoding=\"async\" width=\"1800\" height=\"1272\" src=\"https:\/\/www.refacil.com.mx\/wp-content\/themes\/pressmart\/assets\/images\/transparent.png\" class=\"attachment-full size-full lazy\" alt=\"\" data-src=\"https:\/\/www.refacil.com.mx\/wp-content\/uploads\/2025\/10\/cdn-3.expansion.webp\" data-srcset=\"https:\/\/www.refacil.com.mx\/wp-content\/uploads\/2025\/10\/cdn-3.expansion.webp 1800w, https:\/\/www.refacil.com.mx\/wp-content\/uploads\/2025\/10\/cdn-3.expansion-300x212.webp 300w, https:\/\/www.refacil.com.mx\/wp-content\/uploads\/2025\/10\/cdn-3.expansion-1024x724.webp 1024w, https:\/\/www.refacil.com.mx\/wp-content\/uploads\/2025\/10\/cdn-3.expansion-768x543.webp 768w, https:\/\/www.refacil.com.mx\/wp-content\/uploads\/2025\/10\/cdn-3.expansion-1536x1085.webp 1536w\" \/>\t\t<\/div>\t\t\n\t\t<div class=\"member-info\">\n\t\t\t<h3 class=\"member-name\">Estados de cuenta y tal\u00f3n de pago<\/h3>\n\t\t\t<div class=\"member-designation\">\u00daltimos 2 meses de estados de cuenta de donde recibes tu pago y \u00faltimos 2 meses de tus talones de pago de tu trabajo<\/div>\n\t\t\t<div class=\"member-description\"><\/div>\n\t\t\t\t\t<\/div>\t\t\n\t<\/div>\t\n<\/div>\t<\/div>\n<\/div>\t\t<\/div>\n\t\t\t\t<\/div>\n\t\t\t\t<div class=\"elementor-element elementor-element-d4f87ec elementor-widget elementor-widget-pressmart-heading\" data-id=\"d4f87ec\" data-element_type=\"widget\" data-widget_type=\"pressmart-heading.default\">\n\t\t\t\t<div class=\"elementor-widget-container\">\n\t\t\t<div id=\"pressmart-header-33796\" class=\"pressmart-element pressmart-heading text-center separator-none separator-between-heading\">\t\n\t\t\t\n\t\t\t<div class=\"heading-wrap\">\n\t\t\t<span class=\"separator-left\"><\/span>\n\t\t\t<h2 class=\"heading-title\">Obt\u00e9n tu cr\u00e9dito hoy mismo con estos documentos en la oficina REFACIL mas cercana<\/h2>\t\t\t<span class=\"separator-right\"><\/span>\n\t\t\t\t\t<\/div>\n\t\t\n    \t\t<div class=\"heading-tagline\"> El tramite es r\u00e1pido y sin complicaciones\n\n <\/div>\n\t<\/div>\t\t<\/div>\n\t\t\t\t<\/div>\n\t\t\t\t\t<\/div>\n\t\t<\/div>\n\t\t\t\t\t\t\t<\/div>\n\t\t<\/section>\n\t\t\t\t\t\t\t<\/div>\n\t\t","protected":false},"excerpt":{"rendered":"<p>Inicia hoy tu tramite Iniciar el tramite de tu pr\u00e9stamo es REFACIL, con los siguientes requisitos Identificaci\u00f3n oficial La identificaci\u00f3n que presentes debe estar vigente Comprobante de domicilio Tu comprobante<\/p>\n","protected":false},"author":1,"featured_media":0,"parent":0,"menu_order":0,"comment_status":"closed","ping_status":"closed","template":"","meta":{"footnotes":""},"class_list":["post-2406","page","type-page","status-publish","hentry"],"_links":{"self":[{"href":"https:\/\/www.refacil.com.mx\/index.php?rest_route=\/wp\/v2\/pages\/2406","targetHints":{"allow":["GET"]}}],"collection":[{"href":"https:\/\/www.refacil.com.mx\/index.php?rest_route=\/wp\/v2\/pages"}],"about":[{"href":"https:\/\/www.refacil.com.mx\/index.php?rest_route=\/wp\/v2\/types\/page"}],"author":[{"embeddable":true,"href":"https:\/\/www.refacil.com.mx\/index.php?rest_route=\/wp\/v2\/users\/1"}],"replies":[{"embeddable":true,"href":"https:\/\/www.refacil.com.mx\/index.php?rest_route=%2Fwp%2Fv2%2Fcomments&post=2406"}],"version-history":[{"count":7,"href":"https:\/\/www.refacil.com.mx\/index.php?rest_route=\/wp\/v2\/pages\/2406\/revisions"}],"predecessor-version":[{"id":2416,"href":"https:\/\/www.refacil.com.mx\/index.php?rest_route=\/wp\/v2\/pages\/2406\/revisions\/2416"}],"wp:attachment":[{"href":"https:\/\/www.refacil.com.mx\/index.php?rest_route=%2Fwp%2Fv2%2Fmedia&parent=2406"}],"curies":[{"name":"wp","href":"https:\/\/api.w.org\/{rel}","templated":true}]}}